{"id":438,"date":"2018-07-03T14:08:01","date_gmt":"2018-07-03T12:08:01","guid":{"rendered":"https:\/\/buildtecs.com\/politica-de-privacidad\/"},"modified":"2020-07-06T07:32:19","modified_gmt":"2020-07-06T05:32:19","slug":"politica-sulla-privacy","status":"publish","type":"page","link":"https:\/\/buildtecs.com\/it\/politica-sulla-privacy\/","title":{"rendered":"Politica sulla privacy"},"content":{"rendered":"\t\t<div data-elementor-type=\"wp-page\" data-elementor-id=\"438\" class=\"elementor elementor-438\" data-elementor-post-type=\"page\">\n\t\t\t\t\t\t<section class=\"elementor-section elementor-top-section elementor-element elementor-element-a2b365e elementor-section-stretched elementor-section-full_width elementor-section-height-default elementor-section-height-default\" data-id=\"a2b365e\" data-element_type=\"section\" data-e-type=\"section\" data-settings=\"{&quot;stretch_section&quot;:&quot;section-stretched&quot;,&quot;background_background&quot;:&quot;classic&quot;}\">\n\t\t\t\t\t\t<div class=\"elementor-container elementor-column-gap-default\">\n\t\t\t\t\t<div class=\"elementor-column elementor-col-100 elementor-top-column elementor-element elementor-element-16c22a6\" data-id=\"16c22a6\" data-element_type=\"column\" data-e-type=\"column\">\n\t\t\t<div class=\"elementor-widget-wrap elementor-element-populated\">\n\t\t\t\t\t\t<div class=\"elementor-element elementor-element-f150fa8 elementor-widget elementor-widget-heading\" data-id=\"f150fa8\" data-element_type=\"widget\" data-e-type=\"widget\" data-widget_type=\"heading.default\">\n\t\t\t\t<div class=\"elementor-widget-container\">\n\t\t\t\t\t<h2 class=\"elementor-heading-title elementor-size-default\">Politica sulla privacy<\/h2>\t\t\t\t<\/div>\n\t\t\t\t<\/div>\n\t\t\t\t<div class=\"elementor-element elementor-element-a41bea8 elementor-align-center elementor-widget elementor-widget-breadcrumbs\" data-id=\"a41bea8\" data-element_type=\"widget\" data-e-type=\"widget\" data-widget_type=\"breadcrumbs.default\">\n\t\t\t\t<div class=\"elementor-widget-container\">\n\t\t\t\t\t<p id=\"breadcrumbs\"><span><span><a href=\"https:\/\/buildtecs.com\/it\/\">Buildtecs<\/a><\/span><\/span><\/p>\t\t\t\t<\/div>\n\t\t\t\t<\/div>\n\t\t\t\t\t<\/div>\n\t\t<\/div>\n\t\t\t\t\t<\/div>\n\t\t<\/section>\n\t\t\t\t<section class=\"elementor-section elementor-top-section elementor-element elementor-element-13125689 elementor-section-boxed elementor-section-height-default elementor-section-height-default\" data-id=\"13125689\" data-element_type=\"section\" data-e-type=\"section\">\n\t\t\t\t\t\t<div class=\"elementor-container elementor-column-gap-default\">\n\t\t\t\t\t<div class=\"elementor-column elementor-col-100 elementor-top-column elementor-element elementor-element-48fba3ab\" data-id=\"48fba3ab\" data-element_type=\"column\" data-e-type=\"column\">\n\t\t\t<div class=\"elementor-widget-wrap elementor-element-populated\">\n\t\t\t\t\t\t<div class=\"elementor-element elementor-element-4f0b456b elementor-widget elementor-widget-text-editor\" data-id=\"4f0b456b\" data-element_type=\"widget\" data-e-type=\"widget\" data-widget_type=\"text-editor.default\">\n\t\t\t\t<div class=\"elementor-widget-container\">\n\t\t\t\t\t\t\t\t\t<div id=\"clickdatos\"><p>En cumplimiento de lo establecido en la RGPD, le informamos que sus datos ser\u00e1n tratados en nuestros ficheros, con la finalidad del mantenimiento y cumplimiento de la relaci\u00f3n con nuestra entidad, incluyendo el env\u00edo de comunicaciones en el marco de la citada relaci\u00f3n.<\/p><p>As\u00ed mismo, sus datos ser\u00e1n cedidos en todos aquellos casos en que sea necesario para el desarrollo, cumplimiento y control de la relaci\u00f3n con nuestra entidad o en los supuestos en que lo autorice una norma con rango de ley. En cumplimiento de la RGPD puede ejercitar sus derechos ARCO ante <strong>Buildtecs<\/strong>, con direcci\u00f3n en <strong>Calle de la Ciencia 4, 46600 &#8211; Alzira<\/strong>, adjuntando fotocopia de su DNI.<\/p><p>El contenido de esta comunicaci\u00f3n, as\u00ed como el de toda la documentaci\u00f3n anexa, est\u00e1 sujeta al deber de secreto y va dirigida \u00fanicamente a su destinatario. En el supuesto de que usted no fuera el destinatario, le solicitamos que nos lo indique y no comunique su contenido a terceros, procediendo a su destrucci\u00f3n.<\/p><p>El prestador de servicios de la sociedad de la informaci\u00f3n deber\u00e1 tener en cuenta que, adem\u00e1s de la informaci\u00f3n que facilite a los destinatarios del servicio a trav\u00e9s de su \u201cPol\u00edtica de Privacidad&#8221;, deber\u00e1 disponer de textos legales adicionales relativos a otras normativas de obligado cumplimiento, tales como, sin car\u00e1cter limitativo o excluyente, condiciones generales de la contrataci\u00f3n, propiedad intelectual e industrial, condiciones de utilizaci\u00f3n de la p\u00e1gina web y responsabilidades al respecto, o lo que la propia Ley 34\/2002, de 11 de julio, de Servicios de la Sociedad de la Informaci\u00f3n y de Comercio Electr\u00f3nico pueda establecer en cualesquiera otros preceptos al margen de su art\u00edculo 10 o incluso completar la informaci\u00f3n que, en relaci\u00f3n a \u00e9ste, fuese necesaria.<\/p><\/div>\t\t\t\t\t\t\t\t<\/div>\n\t\t\t\t<\/div>\n\t\t\t\t\t<\/div>\n\t\t<\/div>\n\t\t\t\t\t<\/div>\n\t\t<\/section>\n\t\t\t\t<\/div>\n\t\t","protected":false},"excerpt":{"rendered":"<p>Politica sulla privacy En cumplimiento de lo establecido en la RGPD, le informamos que sus datos ser\u00e1n tratados en nuestros ficheros, con la finalidad del mantenimiento y cumplimiento de la relaci\u00f3n con nuestra entidad, incluyendo el env\u00edo de comunicaciones en el marco de la citada relaci\u00f3n. As\u00ed mismo, sus datos ser\u00e1n cedidos en todos aquellos [&hellip;]<\/p>\n","protected":false},"author":1,"featured_media":0,"parent":0,"menu_order":0,"comment_status":"closed","ping_status":"closed","template":"elementor_header_footer","meta":{"_acf_changed":false,"site-sidebar-layout":"default","site-content-layout":"","ast-site-content-layout":"default","site-content-style":"default","site-sidebar-style":"default","ast-global-header-display":"","ast-banner-title-visibility":"","ast-main-header-display":"","ast-hfb-above-header-display":"","ast-hfb-below-header-display":"","ast-hfb-mobile-header-display":"","site-post-title":"","ast-breadcrumbs-content":"","ast-featured-img":"","footer-sml-layout":"","ast-disable-related-posts":"","theme-transparent-header-meta":"","adv-header-id-meta":"","stick-header-meta":"","header-above-stick-meta":"","header-main-stick-meta":"","header-below-stick-meta":"","astra-migrate-meta-layouts":"default","ast-page-background-enabled":"default","ast-page-background-meta":{"desktop":{"background-color":"","background-image":"","background-repeat":"repeat","background-position":"center center","background-size":"auto","background-attachment":"scroll","background-type":"","background-media":"","overlay-type":"","overlay-color":"","overlay-opacity":"","overlay-gradient":""},"tablet":{"background-color":"","background-image":"","background-repeat":"repeat","background-position":"center center","background-size":"auto","background-attachment":"scroll","background-type":"","background-media":"","overlay-type":"","overlay-color":"","overlay-opacity":"","overlay-gradient":""},"mobile":{"background-color":"","background-image":"","background-repeat":"repeat","background-position":"center center","background-size":"auto","background-attachment":"scroll","background-type":"","background-media":"","overlay-type":"","overlay-color":"","overlay-opacity":"","overlay-gradient":""}},"ast-content-background-meta":{"desktop":{"background-color":"var(--ast-global-color-5)","background-image":"","background-repeat":"repeat","background-position":"center center","background-size":"auto","background-attachment":"scroll","background-type":"","background-media":"","overlay-type":"","overlay-color":"","overlay-opacity":"","overlay-gradient":""},"tablet":{"background-color":"var(--ast-global-color-5)","background-image":"","background-repeat":"repeat","background-position":"center center","background-size":"auto","background-attachment":"scroll","background-type":"","background-media":"","overlay-type":"","overlay-color":"","overlay-opacity":"","overlay-gradient":""},"mobile":{"background-color":"var(--ast-global-color-5)","background-image":"","background-repeat":"repeat","background-position":"center center","background-size":"auto","background-attachment":"scroll","background-type":"","background-media":"","overlay-type":"","overlay-color":"","overlay-opacity":"","overlay-gradient":""}},"footnotes":""},"class_list":["post-438","page","type-page","status-publish","hentry"],"acf":[],"yoast_head":"<!-- This site is optimized with the Yoast SEO Premium plugin v27.0 (Yoast SEO v27.1) - https:\/\/yoast.com\/product\/yoast-seo-premium-wordpress\/ -->\n<title>Politica sulla privacy | Buildtecs<\/title>\n<meta name=\"robots\" content=\"noindex, follow\" \/>\n<meta property=\"og:locale\" content=\"it_IT\" \/>\n<meta property=\"og:type\" content=\"article\" \/>\n<meta property=\"og:title\" content=\"Politica sulla privacy\" \/>\n<meta property=\"og:description\" content=\"Politica sulla privacy En cumplimiento de lo establecido en la RGPD, le informamos que sus datos ser\u00e1n tratados en nuestros ficheros, con la finalidad del mantenimiento y cumplimiento de la relaci\u00f3n con nuestra entidad, incluyendo el env\u00edo de comunicaciones en el marco de la citada relaci\u00f3n. As\u00ed mismo, sus datos ser\u00e1n cedidos en todos aquellos [&hellip;]\" \/>\n<meta property=\"og:url\" content=\"https:\/\/buildtecs.com\/it\/politica-sulla-privacy\/\" \/>\n<meta property=\"og:site_name\" content=\"Buildtecs\" \/>\n<meta property=\"article:modified_time\" content=\"2020-07-06T05:32:19+00:00\" \/>\n<meta name=\"twitter:card\" content=\"summary_large_image\" \/>\n<meta name=\"twitter:label1\" content=\"Tempo di lettura stimato\" \/>\n\t<meta name=\"twitter:data1\" content=\"2 minuti\" \/>\n<script type=\"application\/ld+json\" class=\"yoast-schema-graph\">{\"@context\":\"https:\/\/schema.org\",\"@graph\":[{\"@type\":\"WebPage\",\"@id\":\"https:\/\/buildtecs.com\/it\/politica-sulla-privacy\/\",\"url\":\"https:\/\/buildtecs.com\/it\/politica-sulla-privacy\/\",\"name\":\"Politica sulla privacy | Buildtecs\",\"isPartOf\":{\"@id\":\"https:\/\/buildtecs.com\/#website\"},\"datePublished\":\"2018-07-03T12:08:01+00:00\",\"dateModified\":\"2020-07-06T05:32:19+00:00\",\"breadcrumb\":{\"@id\":\"https:\/\/buildtecs.com\/it\/politica-sulla-privacy\/#breadcrumb\"},\"inLanguage\":\"it-IT\",\"potentialAction\":[{\"@type\":\"ReadAction\",\"target\":[\"https:\/\/buildtecs.com\/it\/politica-sulla-privacy\/\"]}]},{\"@type\":\"BreadcrumbList\",\"@id\":\"https:\/\/buildtecs.com\/it\/politica-sulla-privacy\/#breadcrumb\",\"itemListElement\":[{\"@type\":\"ListItem\",\"position\":1,\"name\":\"Buildtecs\",\"item\":\"https:\/\/buildtecs.com\/it\/\"},{\"@type\":\"ListItem\",\"position\":2,\"name\":\"Politica sulla privacy\"}]},{\"@type\":\"WebSite\",\"@id\":\"https:\/\/buildtecs.com\/#website\",\"url\":\"https:\/\/buildtecs.com\/\",\"name\":\"Buildtecs\",\"description\":\"Distribuidor Nichiha Espa\u00f1a\",\"publisher\":{\"@id\":\"https:\/\/buildtecs.com\/#organization\"},\"potentialAction\":[{\"@type\":\"SearchAction\",\"target\":{\"@type\":\"EntryPoint\",\"urlTemplate\":\"https:\/\/buildtecs.com\/?s={search_term_string}\"},\"query-input\":{\"@type\":\"PropertyValueSpecification\",\"valueRequired\":true,\"valueName\":\"search_term_string\"}}],\"inLanguage\":\"it-IT\"},{\"@type\":\"Organization\",\"@id\":\"https:\/\/buildtecs.com\/#organization\",\"name\":\"Buildtecs\",\"url\":\"https:\/\/buildtecs.com\/\",\"logo\":{\"@type\":\"ImageObject\",\"inLanguage\":\"it-IT\",\"@id\":\"https:\/\/buildtecs.com\/#\/schema\/logo\/image\/\",\"url\":\"https:\/\/buildtecs.com\/wp-content\/uploads\/2016\/11\/logo.jpg\",\"contentUrl\":\"https:\/\/buildtecs.com\/wp-content\/uploads\/2016\/11\/logo.jpg\",\"width\":1193,\"height\":535,\"caption\":\"Buildtecs\"},\"image\":{\"@id\":\"https:\/\/buildtecs.com\/#\/schema\/logo\/image\/\"}}]}<\/script>\n<!-- \/ Yoast SEO Premium plugin. -->","yoast_head_json":{"title":"Politica sulla privacy | Buildtecs","robots":{"index":"noindex","follow":"follow"},"og_locale":"it_IT","og_type":"article","og_title":"Politica sulla privacy","og_description":"Politica sulla privacy En cumplimiento de lo establecido en la RGPD, le informamos que sus datos ser\u00e1n tratados en nuestros ficheros, con la finalidad del mantenimiento y cumplimiento de la relaci\u00f3n con nuestra entidad, incluyendo el env\u00edo de comunicaciones en el marco de la citada relaci\u00f3n. As\u00ed mismo, sus datos ser\u00e1n cedidos en todos aquellos [&hellip;]","og_url":"https:\/\/buildtecs.com\/it\/politica-sulla-privacy\/","og_site_name":"Buildtecs","article_modified_time":"2020-07-06T05:32:19+00:00","twitter_card":"summary_large_image","twitter_misc":{"Tempo di lettura stimato":"2 minuti"},"schema":{"@context":"https:\/\/schema.org","@graph":[{"@type":"WebPage","@id":"https:\/\/buildtecs.com\/it\/politica-sulla-privacy\/","url":"https:\/\/buildtecs.com\/it\/politica-sulla-privacy\/","name":"Politica sulla privacy | Buildtecs","isPartOf":{"@id":"https:\/\/buildtecs.com\/#website"},"datePublished":"2018-07-03T12:08:01+00:00","dateModified":"2020-07-06T05:32:19+00:00","breadcrumb":{"@id":"https:\/\/buildtecs.com\/it\/politica-sulla-privacy\/#breadcrumb"},"inLanguage":"it-IT","potentialAction":[{"@type":"ReadAction","target":["https:\/\/buildtecs.com\/it\/politica-sulla-privacy\/"]}]},{"@type":"BreadcrumbList","@id":"https:\/\/buildtecs.com\/it\/politica-sulla-privacy\/#breadcrumb","itemListElement":[{"@type":"ListItem","position":1,"name":"Buildtecs","item":"https:\/\/buildtecs.com\/it\/"},{"@type":"ListItem","position":2,"name":"Politica sulla privacy"}]},{"@type":"WebSite","@id":"https:\/\/buildtecs.com\/#website","url":"https:\/\/buildtecs.com\/","name":"Buildtecs","description":"Distribuidor Nichiha Espa\u00f1a","publisher":{"@id":"https:\/\/buildtecs.com\/#organization"},"potentialAction":[{"@type":"SearchAction","target":{"@type":"EntryPoint","urlTemplate":"https:\/\/buildtecs.com\/?s={search_term_string}"},"query-input":{"@type":"PropertyValueSpecification","valueRequired":true,"valueName":"search_term_string"}}],"inLanguage":"it-IT"},{"@type":"Organization","@id":"https:\/\/buildtecs.com\/#organization","name":"Buildtecs","url":"https:\/\/buildtecs.com\/","logo":{"@type":"ImageObject","inLanguage":"it-IT","@id":"https:\/\/buildtecs.com\/#\/schema\/logo\/image\/","url":"https:\/\/buildtecs.com\/wp-content\/uploads\/2016\/11\/logo.jpg","contentUrl":"https:\/\/buildtecs.com\/wp-content\/uploads\/2016\/11\/logo.jpg","width":1193,"height":535,"caption":"Buildtecs"},"image":{"@id":"https:\/\/buildtecs.com\/#\/schema\/logo\/image\/"}}]}},"_links":{"self":[{"href":"https:\/\/buildtecs.com\/it\/wp-json\/wp\/v2\/pages\/438","targetHints":{"allow":["GET"]}}],"collection":[{"href":"https:\/\/buildtecs.com\/it\/wp-json\/wp\/v2\/pages"}],"about":[{"href":"https:\/\/buildtecs.com\/it\/wp-json\/wp\/v2\/types\/page"}],"author":[{"embeddable":true,"href":"https:\/\/buildtecs.com\/it\/wp-json\/wp\/v2\/users\/1"}],"replies":[{"embeddable":true,"href":"https:\/\/buildtecs.com\/it\/wp-json\/wp\/v2\/comments?post=438"}],"version-history":[{"count":5,"href":"https:\/\/buildtecs.com\/it\/wp-json\/wp\/v2\/pages\/438\/revisions"}],"predecessor-version":[{"id":2445,"href":"https:\/\/buildtecs.com\/it\/wp-json\/wp\/v2\/pages\/438\/revisions\/2445"}],"wp:attachment":[{"href":"https:\/\/buildtecs.com\/it\/wp-json\/wp\/v2\/media?parent=438"}],"curies":[{"name":"wp","href":"https:\/\/api.w.org\/{rel}","templated":true}]}}