{"id":443,"date":"2018-07-03T14:09:41","date_gmt":"2018-07-03T12:09:41","guid":{"rendered":"https:\/\/buildtecs.com\/politica-de-cookies\/"},"modified":"2020-07-06T07:31:51","modified_gmt":"2020-07-06T05:31:51","slug":"politica-dei-cookie","status":"publish","type":"page","link":"https:\/\/buildtecs.com\/it\/politica-dei-cookie\/","title":{"rendered":"Politica dei cookie"},"content":{"rendered":"\t\t<div data-elementor-type=\"wp-page\" data-elementor-id=\"443\" class=\"elementor elementor-443\" data-elementor-post-type=\"page\">\n\t\t\t\t\t\t<section class=\"elementor-section elementor-top-section elementor-element elementor-element-2956606 elementor-section-stretched elementor-section-full_width elementor-section-height-default elementor-section-height-default\" data-id=\"2956606\" data-element_type=\"section\" data-e-type=\"section\" data-settings=\"{&quot;stretch_section&quot;:&quot;section-stretched&quot;,&quot;background_background&quot;:&quot;classic&quot;}\">\n\t\t\t\t\t\t<div class=\"elementor-container elementor-column-gap-default\">\n\t\t\t\t\t<div class=\"elementor-column elementor-col-100 elementor-top-column elementor-element elementor-element-5590768\" data-id=\"5590768\" data-element_type=\"column\" data-e-type=\"column\">\n\t\t\t<div class=\"elementor-widget-wrap elementor-element-populated\">\n\t\t\t\t\t\t<div class=\"elementor-element elementor-element-f7fb5f1 elementor-widget elementor-widget-heading\" data-id=\"f7fb5f1\" data-element_type=\"widget\" data-e-type=\"widget\" data-widget_type=\"heading.default\">\n\t\t\t\t<div class=\"elementor-widget-container\">\n\t\t\t\t\t<h2 class=\"elementor-heading-title elementor-size-default\">POLITICA DE COOKIE<\/h2>\t\t\t\t<\/div>\n\t\t\t\t<\/div>\n\t\t\t\t<div class=\"elementor-element elementor-element-c83d16d elementor-align-center elementor-widget elementor-widget-breadcrumbs\" data-id=\"c83d16d\" data-element_type=\"widget\" data-e-type=\"widget\" data-widget_type=\"breadcrumbs.default\">\n\t\t\t\t<div class=\"elementor-widget-container\">\n\t\t\t\t\t<p id=\"breadcrumbs\"><span><span><a href=\"https:\/\/buildtecs.com\/it\/\">Buildtecs<\/a><\/span><\/span><\/p>\t\t\t\t<\/div>\n\t\t\t\t<\/div>\n\t\t\t\t\t<\/div>\n\t\t<\/div>\n\t\t\t\t\t<\/div>\n\t\t<\/section>\n\t\t\t\t<section class=\"elementor-section elementor-top-section elementor-element elementor-element-6f4ae8df elementor-section-boxed elementor-section-height-default elementor-section-height-default\" data-id=\"6f4ae8df\" data-element_type=\"section\" data-e-type=\"section\">\n\t\t\t\t\t\t<div class=\"elementor-container elementor-column-gap-default\">\n\t\t\t\t\t<div class=\"elementor-column elementor-col-100 elementor-top-column elementor-element elementor-element-4fbe9f9f\" data-id=\"4fbe9f9f\" data-element_type=\"column\" data-e-type=\"column\">\n\t\t\t<div class=\"elementor-widget-wrap elementor-element-populated\">\n\t\t\t\t\t\t<div class=\"elementor-element elementor-element-58099a16 elementor-widget elementor-widget-text-editor\" data-id=\"58099a16\" data-element_type=\"widget\" data-e-type=\"widget\" data-widget_type=\"text-editor.default\">\n\t\t\t\t<div class=\"elementor-widget-container\">\n\t\t\t\t\t\t\t\t\t<div id=\"clickdatos\">\r\n\r\nEn la web <a href=\"https:\/\/buildtecs.com\" target=\"_blank\" rel=\"nofollow noopener noreferrer\">https:\/\/buildtecs.com<\/a> utilizamos cookies para facilitar la relaci\u00f3n de los visitantes con nuestro contenido y para permitir elaborar estad\u00edsticas sobre las visitantes que recibimos.\r\n\r\nEn cumplimiento de la Directiva 2009\/136\/CE, desarrollada en nuestro ordenamiento por el apartado segundo del art\u00edculo 22 de la Ley de Servicios de Sociedad de la Informaci\u00f3n, siguiendo las directrices de la Agencia Espa\u00f1ola de Protecci\u00f3n de Datos, procedemos a informarle detalladamente del uso que se realiza en nuestra web.\r\n\r\nSe denominan cookies a unos peque\u00f1os archivos que se graban en el navegador utilizado por cada visitante de nuestra web para que el servidor pueda recordar la visita de ese usuario con posterioridad cuando vuelva a acceder a nuestros contenidos. Esta informaci\u00f3n no revela su identidad, ni dato personal alguno, ni accede al contenido almacenado en su pc, pero s\u00ed que permite a nuestro sistema identificarle a usted como un usuario determinado que ya visit\u00f3 la web con anterioridad, visualiz\u00f3 determinadas p\u00e1ginas, etc. y adem\u00e1s permite guardar sus preferencias personales e informaci\u00f3n t\u00e9cnica como por ejemplo las visitas realizadas o p\u00e1ginas concretas que visite.\r\n\r\nLa finalidad de las cookies es la de facilitar al Usuario un acceso m\u00e1s r\u00e1pido a los Servicios seleccionados.\r\n\r\nSi no desea que se guarden cookies en su navegador o prefiere recibir una informaci\u00f3n cada vez que una cookie solicite instalarse, puede configurar sus opciones de navegaci\u00f3n para que se haga de esa forma. La mayor parte de los navegadores permiten la gesti\u00f3n de las cookies de 3 formas diferentes:\r\n<ul>\r\n \t<li>Las cookies son siempre rechazadas;<\/li>\r\n \t<li>El navegador pregunta si el usuario desea instalar cada cookie;<\/li>\r\n \t<li>Las cookies son siempre aceptadas;<\/li>\r\n<\/ul>\r\nSu navegador tambi\u00e9n puede incluir la posibilidad de seleccionar con detalle las cookies que desea que se instalen en su ordenador. En concreto, el usuario puede normalmente aceptar alguna de las siguientes opciones:\r\n<ul>\r\n \t<li>rechazar las cookies de determinados dominios;<\/li>\r\n \t<li>rechazar las cookies de terceros;<\/li>\r\n \t<li>aceptar cookies como no persistentes (se eliminan cuando el navegador se cierra);<\/li>\r\n \t<li>permitir al servidor crear cookies para un dominio diferente.<\/li>\r\n<\/ul>\r\n<strong>Para permitir, conocer, bloquear o eliminar las cookies instaladas en su equipo puede hacerlo mediante la configuraci\u00f3n de las opciones del navegador instalado en su ordenador.<\/strong>\r\n\r\nPuede encontrar informaci\u00f3n sobre c\u00f3mo configurar los navegadores m\u00e1s usados en las siguientes ubicaciones:\r\n<ul>\r\n \t<li><strong>Internet Explorer<\/strong>: Herramientas -&gt; Opciones de Internet\u00a0-&gt; Privacidad\u00a0-&gt; Configuraci\u00f3n. Para m\u00e1s informaci\u00f3n, puede consultar el\u00a0<a href=\"http:\/\/windows.microsoft.com\/es-ES\/windows\/support\" target=\"_blank\" rel=\"nofollow noopener noreferrer\">soporte de Microsoft<\/a>\u00a0o la Ayuda del navegador.<\/li>\r\n \t<li><strong>Firefox<\/strong>: Herramientas\u00a0-&gt; Opciones\u00a0-&gt; Privacidad\u00a0-&gt; Historial\u00a0-&gt; Configuraci\u00f3n Personalizada. Para m\u00e1s informaci\u00f3n, puede consultar el\u00a0<a href=\"http:\/\/support.mozilla.org\/es\/home\" target=\"_blank\" rel=\"nofollow noopener noreferrer\">soporte de Mozilla<\/a>\u00a0o la Ayuda del navegador.<\/li>\r\n \t<li><strong>Chrome<\/strong>: Configuraci\u00f3n\u00a0-&gt; Mostrar opciones avanzadas\u00a0-&gt; Privacidad\u00a0-&gt; Configuraci\u00f3n de contenido. Para m\u00e1s informaci\u00f3n, puede consultar el\u00a0<a href=\"http:\/\/support.google.com\/chrome\/?hl=es\" target=\"_blank\" rel=\"nofollow noopener noreferrer\">soporte de Google<\/a>\u00a0o la Ayuda del navegador.<\/li>\r\n \t<li><strong>Safari<\/strong>: Preferencias\u00a0-&gt; Seguridad. Para m\u00e1s informaci\u00f3n, puede consultar el\u00a0<a href=\"http:\/\/www.apple.com\/es\/support\/safari\/\" target=\"_blank\" rel=\"nofollow noopener noreferrer\">soporte de Apple<\/a>\u00a0o la Ayuda del navegador.<\/li>\r\n<\/ul>\r\nRespecto de las cookies de terceros, es decir aquellas que son ajenas a nuestro sitio web, no podemos hacernos responsables del contenido y veracidad de las pol\u00edticas de privacidad que ellos incluyen por lo que la informaci\u00f3n que le ofrecemos es siempre con referencia a la fuente.\r\n\r\nA continuaci\u00f3n le informamos detalladamente de las cookies que pueden instalarse desde nuestro sitio web. En funci\u00f3n de su navegaci\u00f3n podr\u00e1n instalarse todas o s\u00f3lo algunas de ellas.\r\n\r\n&nbsp;\r\n<div id=\"listadodecookies\">\r\n<table style=\"border: 1px solid black;\">\r\n<tbody>\r\n<tr align=\"center\">\r\n<td style=\"border: 1px solid black;\">Nombre<\/td>\r\n<td style=\"border: 1px solid black;\">Categoria<\/td>\r\n<td style=\"border: 1px solid black;\">Descripci\u00f3n<\/td>\r\n<td style=\"border: 1px solid black;\">Propiedad<\/td>\r\n<td style=\"border: 1px solid black;\">Duraci\u00f3n<\/td>\r\n<\/tr>\r\n<tr id=\"_ga\" align=\"center\">\r\n<td style=\"border: 1px solid black;\">_ga<\/td>\r\n<td style=\"border: 1px solid black;\">An\u00e1lisis<\/td>\r\n<td style=\"border: 1px solid black;\">Se usa para distinguir a los usuarios.<\/td>\r\n<td style=\"border: 1px solid black;\">Terceros<\/td>\r\n<td style=\"border: 1px solid black;\">2 a\u00f1os<\/td>\r\n<\/tr>\r\n<tr id=\"_gid\" align=\"center\">\r\n<td style=\"border: 1px solid black;\">_gid<\/td>\r\n<td style=\"border: 1px solid black;\">An\u00e1lisis<\/td>\r\n<td style=\"border: 1px solid black;\">Se usa para distinguir a los usuarios.<\/td>\r\n<td style=\"border: 1px solid black;\">Terceros<\/td>\r\n<td style=\"border: 1px solid black;\">24 horas<\/td>\r\n<\/tr>\r\n<tr id=\"PHPSESSID\" align=\"center\">\r\n<td style=\"border: 1px solid black;\">PHPSESSID<\/td>\r\n<td style=\"border: 1px solid black;\">Funcionalidad<\/td>\r\n<td style=\"border: 1px solid black;\">Esta cookie es usado por el lenguaje de encriptado PHP para permitir que las variables de sesi\u00f3n sean guardadas en el servidor web.<\/td>\r\n<td style=\"border: 1px solid black;\">Propia<\/td>\r\n<td style=\"border: 1px solid black;\">Finalizaci\u00f3n de la sesi\u00f3n<\/td>\r\n<\/tr>\r\n<tr id=\"wordpress_\" align=\"center\">\r\n<td style=\"border: 1px solid black;\">wordpress_<\/td>\r\n<td style=\"border: 1px solid black;\">Funcionalidad<\/td>\r\n<td style=\"border: 1px solid black;\">Se activa durante el login y guarda los detalles de autentificaci\u00f3n.<\/td>\r\n<td style=\"border: 1px solid black;\">Propia<\/td>\r\n<td style=\"border: 1px solid black;\">1 a\u00f1o<\/td>\r\n<\/tr>\r\n<tr id=\"wordpress_logged_in_\" align=\"center\">\r\n<td style=\"border: 1px solid black;\">wordpress_logged_in_<\/td>\r\n<td style=\"border: 1px solid black;\">Funcionalidad<\/td>\r\n<td style=\"border: 1px solid black;\">Se activa durante el login y guarda los detalles de autentificaci\u00f3n.<\/td>\r\n<td style=\"border: 1px solid black;\">Propia<\/td>\r\n<td style=\"border: 1px solid black;\">1 a\u00f1o<\/td>\r\n<\/tr>\r\n<tr id=\"wordpress_test_cookie\" align=\"center\">\r\n<td style=\"border: 1px solid black;\">wordpress_test_cookie<\/td>\r\n<td style=\"border: 1px solid black;\">Funcionalidad<\/td>\r\n<td style=\"border: 1px solid black;\">Se activa durante el login y guarda los detalles de autentificaci\u00f3n.<\/td>\r\n<td style=\"border: 1px solid black;\">Propia<\/td>\r\n<td style=\"border: 1px solid black;\">1 a\u00f1o<\/td>\r\n<\/tr>\r\n<tr id=\"wp-settings-\" align=\"center\">\r\n<td style=\"border: 1px solid black;\">wp-settings-<\/td>\r\n<td style=\"border: 1px solid black;\">Funcionalidad<\/td>\r\n<td style=\"border: 1px solid black;\">Sirve para personalizar la Interfaz de Usuario.<\/td>\r\n<td style=\"border: 1px solid black;\">Propia<\/td>\r\n<td style=\"border: 1px solid black;\">1 a\u00f1o<\/td>\r\n<\/tr>\r\n<tr id=\"wp-settings-time-\" align=\"center\">\r\n<td style=\"border: 1px solid black;\">wp-settings-time-<\/td>\r\n<td style=\"border: 1px solid black;\">Funcionalidad<\/td>\r\n<td style=\"border: 1px solid black;\">Sirve para personalizar la Interfaz de Usuario.<\/td>\r\n<td style=\"border: 1px solid black;\">Propia<\/td>\r\n<td style=\"border: 1px solid black;\">Finalizaci\u00f3n de la sesi\u00f3n<\/td>\r\n<\/tr>\r\n<tr id=\"gadwp_wg_default_dimension\" align=\"center\">\r\n<td style=\"border: 1px solid black;\">gadwp_wg_default_dimension<\/td>\r\n<td style=\"border: 1px solid black;\">Funcionalidad<\/td>\r\n<td style=\"border: 1px solid black;\">Gestiona la gesti\u00f3n del acceso a la web y el despliegue de im\u00e1genes.<\/td>\r\n<td style=\"border: 1px solid black;\">Propia<\/td>\r\n<td style=\"border: 1px solid black;\">1 semana<\/td>\r\n<\/tr>\r\n<tr id=\"gadwp_wg_default_metric\" align=\"center\">\r\n<td style=\"border: 1px solid black;\">gadwp_wg_default_metric<\/td>\r\n<td style=\"border: 1px solid black;\">Funcionalidad<\/td>\r\n<td style=\"border: 1px solid black;\">Gestiona la gesti\u00f3n del acceso a la web y el despliegue de im\u00e1genes.<\/td>\r\n<td style=\"border: 1px solid black;\">Propia<\/td>\r\n<td style=\"border: 1px solid black;\">1 semana<\/td>\r\n<\/tr>\r\n<tr id=\"__sharethis_cookie_test__\" align=\"center\">\r\n<td style=\"border: 1px solid black;\">__sharethis_cookie_test__<\/td>\r\n<td style=\"border: 1px solid black;\">Funcionalidad<\/td>\r\n<td style=\"border: 1px solid black;\">Pol\u00edtica de cookies<\/td>\r\n<td style=\"border: 1px solid black;\">Terceros<\/td>\r\n<td style=\"border: 1px solid black;\">Finalizaci\u00f3n de la sesi\u00f3n<\/td>\r\n<\/tr>\r\n<tr id=\"cookie_notice_accepted\" align=\"center\">\r\n<td style=\"border: 1px solid black;\">cookie_notice_accepted<\/td>\r\n<td style=\"border: 1px solid black;\">Funcionalidad<\/td>\r\n<td style=\"border: 1px solid black;\">Pol\u00edtica de cookies<\/td>\r\n<td style=\"border: 1px solid black;\">Terceros<\/td>\r\n<td style=\"border: 1px solid black;\">Finalizaci\u00f3n de la sesi\u00f3n<\/td>\r\n<\/tr>\r\n<tr id=\"wfwaf-authcookie-440f852dcacde92bdf8f6053b157f334\" align=\"center\">\r\n<td style=\"border: 1px solid black;\">wfwaf-authcookie-440f852dcacde92bdf8f6053b157f334<\/td>\r\n<td style=\"border: 1px solid black;\">Funcionalidad<\/td>\r\n<td style=\"border: 1px solid black;\">Identificaci\u00f3n del visitante por parte de un plugin de seguridad para evitar ataques a la web.<\/td>\r\n<td style=\"border: 1px solid black;\">Terceros<\/td>\r\n<td style=\"border: 1px solid black;\">30 minutos<\/td>\r\n<\/tr>\r\n<tr id=\"__unam\" align=\"center\">\r\n<td style=\"border: 1px solid black;\">__unam<\/td>\r\n<td style=\"border: 1px solid black;\">Funcionalidad<\/td>\r\n<td style=\"border: 1px solid black;\">Su finalidad es cuantificar el n\u00famero de Usuarios que comparten un determinado contenido y cu\u00e1ntas p\u00e1ginas web son visitadas a ra\u00edz de esa acci\u00f3n.<\/td>\r\n<td style=\"border: 1px solid black;\">Terceros<\/td>\r\n<td style=\"border: 1px solid black;\">Persistente<\/td>\r\n<\/tr>\r\n<tr id=\"_icl_current_language\" align=\"center\">\r\n<td style=\"border: 1px solid black;\">_icl_current_language<\/td>\r\n<td style=\"border: 1px solid black;\">Funcionalidad<\/td>\r\n<td style=\"border: 1px solid black;\">Identifica el lenguaje del usuario<\/td>\r\n<td style=\"border: 1px solid black;\">Terceros<\/td>\r\n<td style=\"border: 1px solid black;\">1 d\u00eda<\/td>\r\n<\/tr>\r\n<tr id=\"_icl_current_admin_language_d41d8cd98f00b204e9800998ecf8427e\" align=\"center\">\r\n<td style=\"border: 1px solid black;\">_icl_current_admin_language_d41d8cd98f00b204e9800998ecf8427e<\/td>\r\n<td style=\"border: 1px solid black;\">Funcionalidad<\/td>\r\n<td style=\"border: 1px solid black;\">Gesti\u00f3n de los idiomas utilizados en la web<\/td>\r\n<td style=\"border: 1px solid black;\">Terceros<\/td>\r\n<td style=\"border: 1px solid black;\">1 d\u00eda<\/td>\r\n<\/tr>\r\n<\/tbody>\r\n<\/table>\r\n<\/div>\r\nSe puede modificar esta Pol\u00edtica de Cookies en funci\u00f3n de exigencias legislativas, reglamentarias, o con la finalidad de adaptar dicha pol\u00edtica a las instrucciones dictadas por la Agencia Espa\u00f1ola de Protecci\u00f3n de Datos, por ello se aconseja a los Usuarios que la visiten peri\u00f3dicamente.\r\n\r\nCuando se produzcan cambios significativos en esta Pol\u00edtica de Cookies, se comunicar\u00e1n a los Usuarios bien mediante la web o a trav\u00e9s de correo electr\u00f3nico a los Usuarios registrados.\r\n\r\n<\/div>\t\t\t\t\t\t\t\t<\/div>\n\t\t\t\t<\/div>\n\t\t\t\t\t<\/div>\n\t\t<\/div>\n\t\t\t\t\t<\/div>\n\t\t<\/section>\n\t\t\t\t<\/div>\n\t\t","protected":false},"excerpt":{"rendered":"<p>POLITICA DE COOKIE En la web https:\/\/buildtecs.com utilizamos cookies para facilitar la relaci\u00f3n de los visitantes con nuestro contenido y para permitir elaborar estad\u00edsticas sobre las visitantes que recibimos. En cumplimiento de la Directiva 2009\/136\/CE, desarrollada en nuestro ordenamiento por el apartado segundo del art\u00edculo 22 de la Ley de Servicios de Sociedad de la [&hellip;]<\/p>\n","protected":false},"author":1,"featured_media":0,"parent":0,"menu_order":0,"comment_status":"closed","ping_status":"closed","template":"elementor_header_footer","meta":{"_acf_changed":false,"site-sidebar-layout":"default","site-content-layout":"","ast-site-content-layout":"default","site-content-style":"default","site-sidebar-style":"default","ast-global-header-display":"","ast-banner-title-visibility":"","ast-main-header-display":"","ast-hfb-above-header-display":"","ast-hfb-below-header-display":"","ast-hfb-mobile-header-display":"","site-post-title":"","ast-breadcrumbs-content":"","ast-featured-img":"","footer-sml-layout":"","ast-disable-related-posts":"","theme-transparent-header-meta":"","adv-header-id-meta":"","stick-header-meta":"","header-above-stick-meta":"","header-main-stick-meta":"","header-below-stick-meta":"","astra-migrate-meta-layouts":"default","ast-page-background-enabled":"default","ast-page-background-meta":{"desktop":{"background-color":"","background-image":"","background-repeat":"repeat","background-position":"center center","background-size":"auto","background-attachment":"scroll","background-type":"","background-media":"","overlay-type":"","overlay-color":"","overlay-opacity":"","overlay-gradient":""},"tablet":{"background-color":"","background-image":"","background-repeat":"repeat","background-position":"center center","background-size":"auto","background-attachment":"scroll","background-type":"","background-media":"","overlay-type":"","overlay-color":"","overlay-opacity":"","overlay-gradient":""},"mobile":{"background-color":"","background-image":"","background-repeat":"repeat","background-position":"center center","background-size":"auto","background-attachment":"scroll","background-type":"","background-media":"","overlay-type":"","overlay-color":"","overlay-opacity":"","overlay-gradient":""}},"ast-content-background-meta":{"desktop":{"background-color":"var(--ast-global-color-5)","background-image":"","background-repeat":"repeat","background-position":"center center","background-size":"auto","background-attachment":"scroll","background-type":"","background-media":"","overlay-type":"","overlay-color":"","overlay-opacity":"","overlay-gradient":""},"tablet":{"background-color":"var(--ast-global-color-5)","background-image":"","background-repeat":"repeat","background-position":"center center","background-size":"auto","background-attachment":"scroll","background-type":"","background-media":"","overlay-type":"","overlay-color":"","overlay-opacity":"","overlay-gradient":""},"mobile":{"background-color":"var(--ast-global-color-5)","background-image":"","background-repeat":"repeat","background-position":"center center","background-size":"auto","background-attachment":"scroll","background-type":"","background-media":"","overlay-type":"","overlay-color":"","overlay-opacity":"","overlay-gradient":""}},"footnotes":""},"class_list":["post-443","page","type-page","status-publish","hentry"],"acf":[],"yoast_head":"<!-- This site is optimized with the Yoast SEO Premium plugin v27.0 (Yoast SEO v27.1) - https:\/\/yoast.com\/product\/yoast-seo-premium-wordpress\/ -->\n<title>Politica dei cookie | Buildtecs<\/title>\n<meta name=\"robots\" content=\"noindex, follow\" \/>\n<meta property=\"og:locale\" content=\"it_IT\" \/>\n<meta property=\"og:type\" content=\"article\" \/>\n<meta property=\"og:title\" content=\"Politica dei cookie\" \/>\n<meta property=\"og:description\" content=\"POLITICA DE COOKIE En la web https:\/\/buildtecs.com utilizamos cookies para facilitar la relaci\u00f3n de los visitantes con nuestro contenido y para permitir elaborar estad\u00edsticas sobre las visitantes que recibimos. En cumplimiento de la Directiva 2009\/136\/CE, desarrollada en nuestro ordenamiento por el apartado segundo del art\u00edculo 22 de la Ley de Servicios de Sociedad de la [&hellip;]\" \/>\n<meta property=\"og:url\" content=\"https:\/\/buildtecs.com\/it\/politica-dei-cookie\/\" \/>\n<meta property=\"og:site_name\" content=\"Buildtecs\" \/>\n<meta property=\"article:modified_time\" content=\"2020-07-06T05:31:51+00:00\" \/>\n<meta name=\"twitter:card\" content=\"summary_large_image\" \/>\n<meta name=\"twitter:label1\" content=\"Tempo di lettura stimato\" \/>\n\t<meta name=\"twitter:data1\" content=\"5 minuti\" \/>\n<script type=\"application\/ld+json\" class=\"yoast-schema-graph\">{\"@context\":\"https:\/\/schema.org\",\"@graph\":[{\"@type\":\"WebPage\",\"@id\":\"https:\/\/buildtecs.com\/it\/politica-dei-cookie\/\",\"url\":\"https:\/\/buildtecs.com\/it\/politica-dei-cookie\/\",\"name\":\"Politica dei cookie | Buildtecs\",\"isPartOf\":{\"@id\":\"https:\/\/buildtecs.com\/#website\"},\"datePublished\":\"2018-07-03T12:09:41+00:00\",\"dateModified\":\"2020-07-06T05:31:51+00:00\",\"breadcrumb\":{\"@id\":\"https:\/\/buildtecs.com\/it\/politica-dei-cookie\/#breadcrumb\"},\"inLanguage\":\"it-IT\",\"potentialAction\":[{\"@type\":\"ReadAction\",\"target\":[\"https:\/\/buildtecs.com\/it\/politica-dei-cookie\/\"]}]},{\"@type\":\"BreadcrumbList\",\"@id\":\"https:\/\/buildtecs.com\/it\/politica-dei-cookie\/#breadcrumb\",\"itemListElement\":[{\"@type\":\"ListItem\",\"position\":1,\"name\":\"Buildtecs\",\"item\":\"https:\/\/buildtecs.com\/it\/\"},{\"@type\":\"ListItem\",\"position\":2,\"name\":\"Politica dei cookie\"}]},{\"@type\":\"WebSite\",\"@id\":\"https:\/\/buildtecs.com\/#website\",\"url\":\"https:\/\/buildtecs.com\/\",\"name\":\"Buildtecs\",\"description\":\"Distribuidor Nichiha Espa\u00f1a\",\"publisher\":{\"@id\":\"https:\/\/buildtecs.com\/#organization\"},\"potentialAction\":[{\"@type\":\"SearchAction\",\"target\":{\"@type\":\"EntryPoint\",\"urlTemplate\":\"https:\/\/buildtecs.com\/?s={search_term_string}\"},\"query-input\":{\"@type\":\"PropertyValueSpecification\",\"valueRequired\":true,\"valueName\":\"search_term_string\"}}],\"inLanguage\":\"it-IT\"},{\"@type\":\"Organization\",\"@id\":\"https:\/\/buildtecs.com\/#organization\",\"name\":\"Buildtecs\",\"url\":\"https:\/\/buildtecs.com\/\",\"logo\":{\"@type\":\"ImageObject\",\"inLanguage\":\"it-IT\",\"@id\":\"https:\/\/buildtecs.com\/#\/schema\/logo\/image\/\",\"url\":\"https:\/\/buildtecs.com\/wp-content\/uploads\/2016\/11\/logo.jpg\",\"contentUrl\":\"https:\/\/buildtecs.com\/wp-content\/uploads\/2016\/11\/logo.jpg\",\"width\":1193,\"height\":535,\"caption\":\"Buildtecs\"},\"image\":{\"@id\":\"https:\/\/buildtecs.com\/#\/schema\/logo\/image\/\"}}]}<\/script>\n<!-- \/ Yoast SEO Premium plugin. -->","yoast_head_json":{"title":"Politica dei cookie | Buildtecs","robots":{"index":"noindex","follow":"follow"},"og_locale":"it_IT","og_type":"article","og_title":"Politica dei cookie","og_description":"POLITICA DE COOKIE En la web https:\/\/buildtecs.com utilizamos cookies para facilitar la relaci\u00f3n de los visitantes con nuestro contenido y para permitir elaborar estad\u00edsticas sobre las visitantes que recibimos. En cumplimiento de la Directiva 2009\/136\/CE, desarrollada en nuestro ordenamiento por el apartado segundo del art\u00edculo 22 de la Ley de Servicios de Sociedad de la [&hellip;]","og_url":"https:\/\/buildtecs.com\/it\/politica-dei-cookie\/","og_site_name":"Buildtecs","article_modified_time":"2020-07-06T05:31:51+00:00","twitter_card":"summary_large_image","twitter_misc":{"Tempo di lettura stimato":"5 minuti"},"schema":{"@context":"https:\/\/schema.org","@graph":[{"@type":"WebPage","@id":"https:\/\/buildtecs.com\/it\/politica-dei-cookie\/","url":"https:\/\/buildtecs.com\/it\/politica-dei-cookie\/","name":"Politica dei cookie | Buildtecs","isPartOf":{"@id":"https:\/\/buildtecs.com\/#website"},"datePublished":"2018-07-03T12:09:41+00:00","dateModified":"2020-07-06T05:31:51+00:00","breadcrumb":{"@id":"https:\/\/buildtecs.com\/it\/politica-dei-cookie\/#breadcrumb"},"inLanguage":"it-IT","potentialAction":[{"@type":"ReadAction","target":["https:\/\/buildtecs.com\/it\/politica-dei-cookie\/"]}]},{"@type":"BreadcrumbList","@id":"https:\/\/buildtecs.com\/it\/politica-dei-cookie\/#breadcrumb","itemListElement":[{"@type":"ListItem","position":1,"name":"Buildtecs","item":"https:\/\/buildtecs.com\/it\/"},{"@type":"ListItem","position":2,"name":"Politica dei cookie"}]},{"@type":"WebSite","@id":"https:\/\/buildtecs.com\/#website","url":"https:\/\/buildtecs.com\/","name":"Buildtecs","description":"Distribuidor Nichiha Espa\u00f1a","publisher":{"@id":"https:\/\/buildtecs.com\/#organization"},"potentialAction":[{"@type":"SearchAction","target":{"@type":"EntryPoint","urlTemplate":"https:\/\/buildtecs.com\/?s={search_term_string}"},"query-input":{"@type":"PropertyValueSpecification","valueRequired":true,"valueName":"search_term_string"}}],"inLanguage":"it-IT"},{"@type":"Organization","@id":"https:\/\/buildtecs.com\/#organization","name":"Buildtecs","url":"https:\/\/buildtecs.com\/","logo":{"@type":"ImageObject","inLanguage":"it-IT","@id":"https:\/\/buildtecs.com\/#\/schema\/logo\/image\/","url":"https:\/\/buildtecs.com\/wp-content\/uploads\/2016\/11\/logo.jpg","contentUrl":"https:\/\/buildtecs.com\/wp-content\/uploads\/2016\/11\/logo.jpg","width":1193,"height":535,"caption":"Buildtecs"},"image":{"@id":"https:\/\/buildtecs.com\/#\/schema\/logo\/image\/"}}]}},"_links":{"self":[{"href":"https:\/\/buildtecs.com\/it\/wp-json\/wp\/v2\/pages\/443","targetHints":{"allow":["GET"]}}],"collection":[{"href":"https:\/\/buildtecs.com\/it\/wp-json\/wp\/v2\/pages"}],"about":[{"href":"https:\/\/buildtecs.com\/it\/wp-json\/wp\/v2\/types\/page"}],"author":[{"embeddable":true,"href":"https:\/\/buildtecs.com\/it\/wp-json\/wp\/v2\/users\/1"}],"replies":[{"embeddable":true,"href":"https:\/\/buildtecs.com\/it\/wp-json\/wp\/v2\/comments?post=443"}],"version-history":[{"count":2,"href":"https:\/\/buildtecs.com\/it\/wp-json\/wp\/v2\/pages\/443\/revisions"}],"predecessor-version":[{"id":2444,"href":"https:\/\/buildtecs.com\/it\/wp-json\/wp\/v2\/pages\/443\/revisions\/2444"}],"wp:attachment":[{"href":"https:\/\/buildtecs.com\/it\/wp-json\/wp\/v2\/media?parent=443"}],"curies":[{"name":"wp","href":"https:\/\/api.w.org\/{rel}","templated":true}]}}